{"id":46,"date":"2024-01-05T17:58:23","date_gmt":"2024-01-05T16:58:23","guid":{"rendered":"http:\/\/colomiers-psychologue.fr\/?page_id=46"},"modified":"2024-02-16T18:48:01","modified_gmt":"2024-02-16T17:48:01","slug":"accueil","status":"publish","type":"page","link":"http:\/\/colomiers-psychologue.fr\/","title":{"rendered":"Accueil"},"content":{"rendered":"\n<p class=\"has-text-color has-link-color wp-elements-ab49bd65f2a26b2121a2500f9b77fe0f\" style=\"color:#348b52\"><strong>\u00ab\u00a0<em> Ce n&rsquo;est pas en premier lieu pour \u00e9clairer un&nbsp; pass\u00e9 inchangeable qu&rsquo;on \u00e0 recours \u00e0 la psychoth\u00e9rapie, mais parce qu&rsquo;on n&rsquo;est pas satisfait de son pr\u00e9sent et qu&rsquo;on veut rendre son avenir meilleur<\/em>\u00ab\u00a0. Milton Erickson<\/strong><\/p>\n\n\n\n<hr class=\"wp-block-separator has-alpha-channel-opacity\"\/>\n\n\n\n<p>Psychologue, mon accompagnement par la<a href=\"http:\/\/colomiers-psychologue.fr\/?page_id=94\" data-type=\"link\" data-id=\"http:\/\/colomiers-psychologue.fr\/?page_id=94\"> <strong>psychoth\u00e9rapie <\/strong><\/a>et le <strong>soutien psychologique <\/strong>s&rsquo;appuie sur des approches compl\u00e9mentaires de diff\u00e9rents courants de la psychologie. (psychopathologie et psychodynamique, psychologie de la sant\u00e9, psychologie cognitive).<\/p>\n\n\n\n<p>Entreprendre une psychoth\u00e9rapie c&rsquo;est emprunter un chemin vers le changement.<\/p>\n\n\n\n<p>Ainsi je suis \u00e0 votre \u00e9coute pour que vous puissiez trouver vos solutions face \u00e0 la souffrance et aux difficult\u00e9s rencontr\u00e9es, pour mobiliser les ressources vers le changement que vous souhaitez installer.<\/p>\n\n\n\n<p>J&rsquo;int\u00e8gre aussi dans ma pratique et au cas par cas, <strong><a href=\"http:\/\/colomiers-psychologue.fr\/?page_id=70\" data-type=\"link\" data-id=\"http:\/\/colomiers-psychologue.fr\/?page_id=70\">l&rsquo;hypnose Ericksonienne<\/a>,<\/strong><a href=\"http:\/\/colomiers-psychologue.fr\/non-classe\/sophrologie\/\"> <\/a>la <strong><a href=\"http:\/\/colomiers-psychologue.fr\/?page_id=77\" data-type=\"link\" data-id=\"http:\/\/colomiers-psychologue.fr\/?page_id=77\">sophrologie<\/a><\/strong>, l&rsquo;<strong>approche orient\u00e9e solutions<\/strong>, comme leviers et acc\u00e8s aux ressources de chacun.<\/p>\n\n\n\n<ul class=\"wp-block-list\">\n<li><strong>Psychoth\u00e9rapie<\/strong> et <strong>soutien psychologique, <\/strong>(difficult\u00e9s<strong> relationnelles, <\/strong>difficult\u00e9s de <strong>sommeil<\/strong>, difficult\u00e9s<strong> \u00e9motionnelles<\/strong>, <strong>burn-out<\/strong>, <strong>stress<\/strong>, <strong>anxi\u00e9t\u00e9, deuil<\/strong>,<strong> d\u00e9pression<\/strong>,<strong> soutien aux aidants<\/strong>&#8230;).<\/li>\n<\/ul>\n\n\n\n<p><\/p>\n\n\n\n<ul class=\"wp-block-list\">\n<li>Accompagnement par&nbsp; la sophrologie en <strong>groupes<\/strong> (cabinet, CE, \u00e9coles de musique&#8230;) et en <strong>s\u00e9ances individuelles<\/strong>&nbsp; pour, par exemple, apprendre \u00e0 se relaxer, mieux vivre les \u00e9motions, am\u00e9liorer son sommeil, mobiliser ses ressources&#8230;<\/li>\n<\/ul>\n\n\n\n<p><\/p>\n\n\n\n<ul class=\"wp-block-list\">\n<li><strong>Pr\u00e9vention sant\u00e9 au quotidien<\/strong> aupr\u00e8s de groupes et sur des th\u00e8mes vari\u00e9s comme les ateliers m\u00e9moire, les projets de vie \u00e0 la retraite, stress et relaxation, sommeil, accompagnement des aidants familiaux&#8230; (intervenante <a href=\"https:\/\/brainup.fr\/\" data-type=\"link\" data-id=\"https:\/\/brainup.fr\/\">Brainup<\/a> aupr\u00e8s de collectivit\u00e9s, CCAS, EHPAD)<\/li>\n<\/ul>\n\n\n\n<p><\/p>\n\n\n\n<ul class=\"wp-block-list\">\n<li>Prise en charge des<strong> probl\u00e9matiques li\u00e9es au vieillissement&nbsp;<\/strong><\/li>\n<\/ul>\n\n\n\n<hr class=\"wp-block-separator has-alpha-channel-opacity\"\/>\n\n\n\n<h3 class=\"wp-block-heading\">&nbsp;<\/h3>\n","protected":false},"excerpt":{"rendered":"<p>\u00ab\u00a0 Ce n&rsquo;est pas en premier lieu pour \u00e9clairer un&nbsp; pass\u00e9 inchangeable qu&rsquo;on \u00e0 recours \u00e0 la psychoth\u00e9rapie, mais parce qu&rsquo;on n&rsquo;est pas satisfait de son pr\u00e9sent et qu&rsquo;on veut rendre son avenir meilleur\u00ab\u00a0. Milton Erickson Psychologue, mon accompagnement par &hellip; <a href=\"http:\/\/colomiers-psychologue.fr\/\">Continuer la lecture <span class=\"meta-nav\">&rarr;<\/span><\/a><\/p>\n","protected":false},"author":1,"featured_media":0,"parent":0,"menu_order":0,"comment_status":"closed","ping_status":"closed","template":"","meta":{"footnotes":""},"class_list":["post-46","page","type-page","status-publish","hentry"],"_links":{"self":[{"href":"http:\/\/colomiers-psychologue.fr\/index.php?rest_route=\/wp\/v2\/pages\/46","targetHints":{"allow":["GET"]}}],"collection":[{"href":"http:\/\/colomiers-psychologue.fr\/index.php?rest_route=\/wp\/v2\/pages"}],"about":[{"href":"http:\/\/colomiers-psychologue.fr\/index.php?rest_route=\/wp\/v2\/types\/page"}],"author":[{"embeddable":true,"href":"http:\/\/colomiers-psychologue.fr\/index.php?rest_route=\/wp\/v2\/users\/1"}],"replies":[{"embeddable":true,"href":"http:\/\/colomiers-psychologue.fr\/index.php?rest_route=%2Fwp%2Fv2%2Fcomments&post=46"}],"version-history":[{"count":13,"href":"http:\/\/colomiers-psychologue.fr\/index.php?rest_route=\/wp\/v2\/pages\/46\/revisions"}],"predecessor-version":[{"id":149,"href":"http:\/\/colomiers-psychologue.fr\/index.php?rest_route=\/wp\/v2\/pages\/46\/revisions\/149"}],"wp:attachment":[{"href":"http:\/\/colomiers-psychologue.fr\/index.php?rest_route=%2Fwp%2Fv2%2Fmedia&parent=46"}],"curies":[{"name":"wp","href":"https:\/\/api.w.org\/{rel}","templated":true}]}}